{"id":83,"date":"2024-06-11T20:51:37","date_gmt":"2024-06-11T18:51:37","guid":{"rendered":"https:\/\/www.kaiser-aluschmiedetechnik.de\/?page_id=83"},"modified":"2024-09-17T08:36:39","modified_gmt":"2024-09-17T06:36:39","slug":"leistungen","status":"publish","type":"page","link":"https:\/\/www.kaiser-aluschmiedetechnik.de\/en\/leistungen\/","title":{"rendered":"Services"},"content":{"rendered":"<div data-elementor-type=\"wp-page\" data-elementor-id=\"83\" class=\"elementor elementor-83\">\n\t\t\t\t<div class=\"elementor-element elementor-element-79aeba87 e-flex e-con-boxed e-con e-parent\" data-id=\"79aeba87\" data-element_type=\"container\" data-settings=\"{&quot;background_background&quot;:&quot;classic&quot;}\">\n\t\t\t\t\t<div class=\"e-con-inner\">\n\t\t\t\t<div class=\"elementor-element elementor-element-60e134b9 elementor-widget-mobile__width-initial elementor-invisible elementor-widget elementor-widget-heading\" data-id=\"60e134b9\" data-element_type=\"widget\" data-settings=\"{&quot;_animation&quot;:&quot;fadeInUp&quot;}\" data-widget_type=\"heading.default\">\n\t\t\t\t<div class=\"elementor-widget-container\">\n\t\t\t\t\t<h2 class=\"elementor-heading-title elementor-size-default\">Services<\/h2>\t\t\t\t<\/div>\n\t\t\t\t<\/div>\n\t\t\t\t<div class=\"elementor-element elementor-element-1341d2ad elementor-widget-divider--view-line elementor-widget elementor-widget-divider\" data-id=\"1341d2ad\" data-element_type=\"widget\" data-widget_type=\"divider.default\">\n\t\t\t\t<div class=\"elementor-widget-container\">\n\t\t\t\t\t\t\t<div class=\"elementor-divider\">\n\t\t\t<span class=\"elementor-divider-separator\">\n\t\t\t\t\t\t<\/span>\n\t\t<\/div>\n\t\t\t\t\t\t<\/div>\n\t\t\t\t<\/div>\n\t\t\t\t\t<\/div>\n\t\t\t\t<\/div>\n\t\t<div class=\"elementor-element elementor-element-575cfe92 e-flex e-con-boxed e-con e-parent\" data-id=\"575cfe92\" data-element_type=\"container\" data-settings=\"{&quot;background_background&quot;:&quot;classic&quot;}\">\n\t\t\t\t\t<div class=\"e-con-inner\">\n\t\t<div class=\"elementor-element elementor-element-28470ce5 e-con-full e-flex e-con e-child\" data-id=\"28470ce5\" data-element_type=\"container\">\n\t\t\t\t<div class=\"elementor-element elementor-element-43432032 elementor-widget__width-inherit elementor-invisible elementor-widget elementor-widget-heading\" data-id=\"43432032\" data-element_type=\"widget\" data-settings=\"{&quot;_animation&quot;:&quot;fadeIn&quot;,&quot;_animation_delay&quot;:480}\" data-widget_type=\"heading.default\">\n\t\t\t\t<div class=\"elementor-widget-container\">\n\t\t\t\t\t<h2 class=\"elementor-heading-title elementor-size-default\">Services<\/h2>\t\t\t\t<\/div>\n\t\t\t\t<\/div>\n\t\t\t\t<div class=\"elementor-element elementor-element-40613631 elementor-invisible elementor-widget elementor-widget-heading\" data-id=\"40613631\" data-element_type=\"widget\" data-settings=\"{&quot;_animation&quot;:&quot;fadeInUp&quot;}\" data-widget_type=\"heading.default\">\n\t\t\t\t<div class=\"elementor-widget-container\">\n\t\t\t\t\t<h2 class=\"elementor-heading-title elementor-size-default\">Our services<br> at a glance<\/h2>\t\t\t\t<\/div>\n\t\t\t\t<\/div>\n\t\t\t\t<div class=\"elementor-element elementor-element-267b9243 elementor-widget elementor-widget-text-editor\" data-id=\"267b9243\" data-element_type=\"widget\" data-widget_type=\"text-editor.default\">\n\t\t\t\t<div class=\"elementor-widget-container\">\n\t\t\t\t\t\t\t\t\t<p>At KAISER Aluminium-Umformtechnik GmbH, we offer a comprehensive range of services,\nfrom the initial concept to the finished product. Our team of experts provides support\nthroughout the consultation and development phases, creating tailor-made solutions for your\nneeds. With decades of experience in toolmaking, we guarantee the highest levels of\nprecision and quality.<\/p><p>Our core competency lies in forging technology, complemented by mechanical processing\nand finishing techniques that ensure both functional and visually appealing products.\nAdditionally, we manage complete assembly of components, so you receive everything from\na single source. Trust in our expertise and experience to successfully execute your projects.\nExplore our services and learn how we can assist you!<\/p>\t\t\t\t\t\t\t\t<\/div>\n\t\t\t\t<\/div>\n\t\t\t\t<\/div>\n\t\t<div class=\"elementor-element elementor-element-7a51698a e-con-full e-flex e-con e-child\" data-id=\"7a51698a\" data-element_type=\"container\">\n\t\t\t\t<div class=\"elementor-element elementor-element-29eaf0f elementor-invisible elementor-widget elementor-widget-image\" data-id=\"29eaf0f\" data-element_type=\"widget\" data-settings=\"{&quot;_animation&quot;:&quot;fadeInRight&quot;}\" data-widget_type=\"image.default\">\n\t\t\t\t<div class=\"elementor-widget-container\">\n\t\t\t\t\t\t\t\t\t\t\t\t\t\t\t<img fetchpriority=\"high\" decoding=\"async\" width=\"2560\" height=\"1707\" src=\"https:\/\/www.kaiser-aluschmiedetechnik.de\/wp-content\/uploads\/2024\/07\/Schmiede-Banner-scaled.webp\" class=\"attachment-full size-full wp-image-1117\" alt=\"Schmiede Banner scaled\" srcset=\"https:\/\/www.kaiser-aluschmiedetechnik.de\/wp-content\/uploads\/2024\/07\/Schmiede-Banner-scaled.webp 2560w, https:\/\/www.kaiser-aluschmiedetechnik.de\/wp-content\/uploads\/2024\/07\/Schmiede-Banner-300x200.webp 300w, https:\/\/www.kaiser-aluschmiedetechnik.de\/wp-content\/uploads\/2024\/07\/Schmiede-Banner-1024x683.webp 1024w, https:\/\/www.kaiser-aluschmiedetechnik.de\/wp-content\/uploads\/2024\/07\/Schmiede-Banner-768x512.webp 768w, https:\/\/www.kaiser-aluschmiedetechnik.de\/wp-content\/uploads\/2024\/07\/Schmiede-Banner-1536x1024.webp 1536w, https:\/\/www.kaiser-aluschmiedetechnik.de\/wp-content\/uploads\/2024\/07\/Schmiede-Banner-2048x1365.webp 2048w\" sizes=\"(max-width: 2560px) 100vw, 2560px\" \/>\t\t\t\t\t\t\t\t\t\t\t\t\t\t\t<\/div>\n\t\t\t\t<\/div>\n\t\t\t\t<div class=\"elementor-element elementor-element-1d5813ae elementor-widget__width-initial elementor-absolute elementor-invisible elementor-widget elementor-widget-elementskit-heading\" data-id=\"1d5813ae\" data-element_type=\"widget\" data-settings=\"{&quot;_position&quot;:&quot;absolute&quot;,&quot;_animation&quot;:&quot;rotateInUpRight&quot;}\" data-widget_type=\"elementskit-heading.default\">\n\t\t\t\t<div class=\"elementor-widget-container\">\n\t\t\t\t\t<div class=\"ekit-wid-con\" ><div class=\"ekit-heading elementskit-section-title-wraper text_left   ekit_heading_tablet-   ekit_heading_mobile-\"><h2 class=\"ekit-heading--title elementskit-section-title\">Over 40 years <span>+<\/span><\/span><\/h2><h3 class=\"ekit-heading--subtitle elementskit-section-subtitle\">\n\t\t\t\t\t\texperience\n\t\t\t\t\t<\/h3>\t\t\t\t<div class='ekit-heading__description'>\n\t\t\t\t\t<p>in aluminium drop forging.\u00a0<\/p>\n\t\t\t\t<\/div>\n\t\t\t<\/div><\/div>\t\t\t\t<\/div>\n\t\t\t\t<\/div>\n\t\t\t\t<\/div>\n\t\t\t\t\t<\/div>\n\t\t\t\t<\/div>\n\t\t<div class=\"elementor-element elementor-element-3662fa32 e-flex e-con-boxed e-con e-parent\" data-id=\"3662fa32\" data-element_type=\"container\">\n\t\t\t\t\t<div class=\"e-con-inner\">\n\t\t<div class=\"elementor-element elementor-element-6fe1f19c e-flex e-con-boxed e-con e-child\" data-id=\"6fe1f19c\" data-element_type=\"container\" data-settings=\"{&quot;background_background&quot;:&quot;classic&quot;}\">\n\t\t\t\t\t<div class=\"e-con-inner\">\n\t\t<div class=\"elementor-element elementor-element-46e5e026 e-flex e-con-boxed e-con e-child\" data-id=\"46e5e026\" data-element_type=\"container\">\n\t\t\t\t\t<div class=\"e-con-inner\">\n\t\t\t\t<div class=\"elementor-element elementor-element-491f3af0 elementor-invisible elementor-widget elementor-widget-heading\" data-id=\"491f3af0\" data-element_type=\"widget\" data-settings=\"{&quot;_animation&quot;:&quot;fadeIn&quot;,&quot;_animation_delay&quot;:480}\" data-widget_type=\"heading.default\">\n\t\t\t\t<div class=\"elementor-widget-container\">\n\t\t\t\t\t<h2 class=\"elementor-heading-title elementor-size-default\">Our services<\/h2>\t\t\t\t<\/div>\n\t\t\t\t<\/div>\n\t\t\t\t<div class=\"elementor-element elementor-element-31416a6 elementor-invisible elementor-widget elementor-widget-heading\" data-id=\"31416a6\" data-element_type=\"widget\" data-settings=\"{&quot;_animation&quot;:&quot;fadeInUp&quot;}\" data-widget_type=\"heading.default\">\n\t\t\t\t<div class=\"elementor-widget-container\">\n\t\t\t\t\t<h2 class=\"elementor-heading-title elementor-size-default\">Our services <br>at a glance<\/h2>\t\t\t\t<\/div>\n\t\t\t\t<\/div>\n\t\t\t\t\t<\/div>\n\t\t\t\t<\/div>\n\t\t<div class=\"elementor-element elementor-element-32c19d6e e-flex e-con-boxed elementor-invisible e-con e-child\" data-id=\"32c19d6e\" data-element_type=\"container\" data-settings=\"{&quot;animation&quot;:&quot;fadeInUp&quot;}\">\n\t\t\t\t\t<div class=\"e-con-inner\">\n\t\t<div class=\"elementor-element elementor-element-3d3ce8f9 e-flex e-con-boxed e-con e-child\" data-id=\"3d3ce8f9\" data-element_type=\"container\" data-settings=\"{&quot;background_background&quot;:&quot;classic&quot;}\">\n\t\t\t\t\t<div class=\"e-con-inner\">\n\t\t\t\t<div class=\"elementor-element elementor-element-36e00c80 elementor-widget elementor-widget-elementskit-heading\" data-id=\"36e00c80\" data-element_type=\"widget\" data-widget_type=\"elementskit-heading.default\">\n\t\t\t\t<div class=\"elementor-widget-container\">\n\t\t\t\t\t<div class=\"ekit-wid-con\" ><div class=\"ekit-heading elementskit-section-title-wraper text_left   ekit_heading_tablet-   ekit_heading_mobile-\"><h2 class=\"ekit-heading--title elementskit-section-title\">Consulting &amp; Development<\/h2>\t\t\t\t<div class='ekit-heading__description'>\n\t\t\t\t\t<p>Consulting and development are at the heart of our offerings. With our extensive experience\nand expertise, we solve almost any problem.<\/p>\n\t\t\t\t<\/div>\n\t\t\t<\/div><\/div>\t\t\t\t<\/div>\n\t\t\t\t<\/div>\n\t\t\t\t<div class=\"elementor-element elementor-element-49c2d129 elementor-widget elementor-widget-button\" data-id=\"49c2d129\" data-element_type=\"widget\" data-widget_type=\"button.default\">\n\t\t\t\t<div class=\"elementor-widget-container\">\n\t\t\t\t\t\t\t\t\t<div class=\"elementor-button-wrapper\">\n\t\t\t\t\t<a class=\"elementor-button elementor-button-link elementor-size-sm\" href=\"https:\/\/www.kaiser-aluschmiedetechnik.de\/en\/?page_id=687\">\n\t\t\t\t\t\t<span class=\"elementor-button-content-wrapper\">\n\t\t\t\t\t\t\t\t\t<span class=\"elementor-button-text\">Learn more<\/span>\n\t\t\t\t\t<\/span>\n\t\t\t\t\t<\/a>\n\t\t\t\t<\/div>\n\t\t\t\t\t\t\t\t<\/div>\n\t\t\t\t<\/div>\n\t\t\t\t\t<\/div>\n\t\t\t\t<\/div>\n\t\t<div class=\"elementor-element elementor-element-26a3c097 e-flex e-con-boxed e-con e-child\" data-id=\"26a3c097\" data-element_type=\"container\" data-settings=\"{&quot;background_background&quot;:&quot;classic&quot;}\">\n\t\t\t\t\t<div class=\"e-con-inner\">\n\t\t\t\t<div class=\"elementor-element elementor-element-11a8ba95 elementor-widget elementor-widget-elementskit-heading\" data-id=\"11a8ba95\" data-element_type=\"widget\" data-widget_type=\"elementskit-heading.default\">\n\t\t\t\t<div class=\"elementor-widget-container\">\n\t\t\t\t\t<div class=\"ekit-wid-con\" ><div class=\"ekit-heading elementskit-section-title-wraper text_left   ekit_heading_tablet-   ekit_heading_mobile-\"><h2 class=\"ekit-heading--title elementskit-section-title\">Construction &amp; Toolmaking<\/h2>\t\t\t\t<div class='ekit-heading__description'>\n\t\t\t\t\t<p>With our advanced machinery, skilled professionals, and in-house toolmaking, we guarantee\nthe highest quality<\/p>\n\t\t\t\t<\/div>\n\t\t\t<\/div><\/div>\t\t\t\t<\/div>\n\t\t\t\t<\/div>\n\t\t\t\t<div class=\"elementor-element elementor-element-7e473c2c elementor-widget elementor-widget-button\" data-id=\"7e473c2c\" data-element_type=\"widget\" data-widget_type=\"button.default\">\n\t\t\t\t<div class=\"elementor-widget-container\">\n\t\t\t\t\t\t\t\t\t<div class=\"elementor-button-wrapper\">\n\t\t\t\t\t<a class=\"elementor-button elementor-button-link elementor-size-sm\" href=\"https:\/\/www.kaiser-aluschmiedetechnik.de\/en\/?page_id=282\">\n\t\t\t\t\t\t<span class=\"elementor-button-content-wrapper\">\n\t\t\t\t\t\t\t\t\t<span class=\"elementor-button-text\">Learn more<\/span>\n\t\t\t\t\t<\/span>\n\t\t\t\t\t<\/a>\n\t\t\t\t<\/div>\n\t\t\t\t\t\t\t\t<\/div>\n\t\t\t\t<\/div>\n\t\t\t\t\t<\/div>\n\t\t\t\t<\/div>\n\t\t<div class=\"elementor-element elementor-element-42fd4f50 e-flex e-con-boxed e-con e-child\" data-id=\"42fd4f50\" data-element_type=\"container\" data-settings=\"{&quot;background_background&quot;:&quot;classic&quot;}\">\n\t\t\t\t\t<div class=\"e-con-inner\">\n\t\t\t\t<div class=\"elementor-element elementor-element-457472b0 elementor-widget elementor-widget-elementskit-heading\" data-id=\"457472b0\" data-element_type=\"widget\" data-widget_type=\"elementskit-heading.default\">\n\t\t\t\t<div class=\"elementor-widget-container\">\n\t\t\t\t\t<div class=\"ekit-wid-con\" ><div class=\"ekit-heading elementskit-section-title-wraper text_left   ekit_heading_tablet-   ekit_heading_mobile-\"><h2 class=\"ekit-heading--title elementskit-section-title\">Drop Forging and hot forming<\/h2>\t\t\t\t<div class='ekit-heading__description'>\n\t\t\t\t\t<p>We can forge almost anything from aluminium. This allows us to respond flexibly to your\nrequirements and offer a wide range of products for many industries.<\/p>\n\t\t\t\t<\/div>\n\t\t\t<\/div><\/div>\t\t\t\t<\/div>\n\t\t\t\t<\/div>\n\t\t\t\t<div class=\"elementor-element elementor-element-4d1f7a3b elementor-widget elementor-widget-button\" data-id=\"4d1f7a3b\" data-element_type=\"widget\" data-widget_type=\"button.default\">\n\t\t\t\t<div class=\"elementor-widget-container\">\n\t\t\t\t\t\t\t\t\t<div class=\"elementor-button-wrapper\">\n\t\t\t\t\t<a class=\"elementor-button elementor-button-link elementor-size-sm\" href=\"https:\/\/www.kaiser-aluschmiedetechnik.de\/en\/?page_id=704\">\n\t\t\t\t\t\t<span class=\"elementor-button-content-wrapper\">\n\t\t\t\t\t\t\t\t\t<span class=\"elementor-button-text\">Learn more<\/span>\n\t\t\t\t\t<\/span>\n\t\t\t\t\t<\/a>\n\t\t\t\t<\/div>\n\t\t\t\t\t\t\t\t<\/div>\n\t\t\t\t<\/div>\n\t\t\t\t\t<\/div>\n\t\t\t\t<\/div>\n\t\t\t\t\t<\/div>\n\t\t\t\t<\/div>\n\t\t<div class=\"elementor-element elementor-element-52bf182c elementor-hidden-desktop e-flex e-con-boxed elementor-invisible e-con e-child\" data-id=\"52bf182c\" data-element_type=\"container\" data-settings=\"{&quot;animation&quot;:&quot;fadeInUp&quot;}\">\n\t\t\t\t\t<div class=\"e-con-inner\">\n\t\t\t\t\t<\/div>\n\t\t\t\t<\/div>\n\t\t<div class=\"elementor-element elementor-element-21b6be53 e-flex e-con-boxed elementor-invisible e-con e-child\" data-id=\"21b6be53\" data-element_type=\"container\" data-settings=\"{&quot;animation&quot;:&quot;fadeInUp&quot;}\">\n\t\t\t\t\t<div class=\"e-con-inner\">\n\t\t<div class=\"elementor-element elementor-element-71f41acb e-flex e-con-boxed e-con e-child\" data-id=\"71f41acb\" data-element_type=\"container\" data-settings=\"{&quot;background_background&quot;:&quot;classic&quot;}\">\n\t\t\t\t\t<div class=\"e-con-inner\">\n\t\t\t\t<div class=\"elementor-element elementor-element-79b7d0b1 elementor-widget elementor-widget-elementskit-heading\" data-id=\"79b7d0b1\" data-element_type=\"widget\" data-widget_type=\"elementskit-heading.default\">\n\t\t\t\t<div class=\"elementor-widget-container\">\n\t\t\t\t\t<div class=\"ekit-wid-con\" ><div class=\"ekit-heading elementskit-section-title-wraper text_left   ekit_heading_tablet-   ekit_heading_mobile-\"><h2 class=\"ekit-heading--title elementskit-section-title\">Mechanical processing<\/h2>\t\t\t\t<div class='ekit-heading__description'>\n\t\t\t\t\t<p>Thanks to our cutting-edge technology combined with deep expertise, we provide our clients\nwith tailored solutions in mechanical processing.<\/p>\n\t\t\t\t<\/div>\n\t\t\t<\/div><\/div>\t\t\t\t<\/div>\n\t\t\t\t<\/div>\n\t\t\t\t<div class=\"elementor-element elementor-element-4c36a087 elementor-widget elementor-widget-button\" data-id=\"4c36a087\" data-element_type=\"widget\" data-widget_type=\"button.default\">\n\t\t\t\t<div class=\"elementor-widget-container\">\n\t\t\t\t\t\t\t\t\t<div class=\"elementor-button-wrapper\">\n\t\t\t\t\t<a class=\"elementor-button elementor-button-link elementor-size-sm\" href=\"https:\/\/www.kaiser-aluschmiedetechnik.de\/en\/?page_id=712\">\n\t\t\t\t\t\t<span class=\"elementor-button-content-wrapper\">\n\t\t\t\t\t\t\t\t\t<span class=\"elementor-button-text\">Learn more<\/span>\n\t\t\t\t\t<\/span>\n\t\t\t\t\t<\/a>\n\t\t\t\t<\/div>\n\t\t\t\t\t\t\t\t<\/div>\n\t\t\t\t<\/div>\n\t\t\t\t\t<\/div>\n\t\t\t\t<\/div>\n\t\t<div class=\"elementor-element elementor-element-5ba5974b e-flex e-con-boxed e-con e-child\" data-id=\"5ba5974b\" data-element_type=\"container\" data-settings=\"{&quot;background_background&quot;:&quot;classic&quot;}\">\n\t\t\t\t\t<div class=\"e-con-inner\">\n\t\t\t\t<div class=\"elementor-element elementor-element-62643d11 elementor-widget elementor-widget-elementskit-heading\" data-id=\"62643d11\" data-element_type=\"widget\" data-widget_type=\"elementskit-heading.default\">\n\t\t\t\t<div class=\"elementor-widget-container\">\n\t\t\t\t\t<div class=\"ekit-wid-con\" ><div class=\"ekit-heading elementskit-section-title-wraper text_left   ekit_heading_tablet-   ekit_heading_mobile-\"><h2 class=\"ekit-heading--title elementskit-section-title\">Surface processing<\/h2>\t\t\t\t<div class='ekit-heading__description'>\n\t\t\t\t\t<p>We offer comprehensive aluminium finishing through modern production facilities and a\nvariety of advanced surface treatment processes.\u00a0<\/p>\n\t\t\t\t<\/div>\n\t\t\t<\/div><\/div>\t\t\t\t<\/div>\n\t\t\t\t<\/div>\n\t\t\t\t<div class=\"elementor-element elementor-element-50c35510 elementor-widget elementor-widget-button\" data-id=\"50c35510\" data-element_type=\"widget\" data-widget_type=\"button.default\">\n\t\t\t\t<div class=\"elementor-widget-container\">\n\t\t\t\t\t\t\t\t\t<div class=\"elementor-button-wrapper\">\n\t\t\t\t\t<a class=\"elementor-button elementor-button-link elementor-size-sm\" href=\"https:\/\/www.kaiser-aluschmiedetechnik.de\/en\/?page_id=312\">\n\t\t\t\t\t\t<span class=\"elementor-button-content-wrapper\">\n\t\t\t\t\t\t\t\t\t<span class=\"elementor-button-text\">Learn more<\/span>\n\t\t\t\t\t<\/span>\n\t\t\t\t\t<\/a>\n\t\t\t\t<\/div>\n\t\t\t\t\t\t\t\t<\/div>\n\t\t\t\t<\/div>\n\t\t\t\t\t<\/div>\n\t\t\t\t<\/div>\n\t\t<div class=\"elementor-element elementor-element-2a9e2851 e-flex e-con-boxed e-con e-child\" data-id=\"2a9e2851\" data-element_type=\"container\" data-settings=\"{&quot;background_background&quot;:&quot;classic&quot;}\">\n\t\t\t\t\t<div class=\"e-con-inner\">\n\t\t\t\t<div class=\"elementor-element elementor-element-27a305f9 elementor-widget elementor-widget-elementskit-heading\" data-id=\"27a305f9\" data-element_type=\"widget\" data-widget_type=\"elementskit-heading.default\">\n\t\t\t\t<div class=\"elementor-widget-container\">\n\t\t\t\t\t<div class=\"ekit-wid-con\" ><div class=\"ekit-heading elementskit-section-title-wraper text_left   ekit_heading_tablet-   ekit_heading_mobile-\"><h2 class=\"ekit-heading--title elementskit-section-title\">Module assembly<\/h2>\t\t\t\t<div class='ekit-heading__description'>\n\t\t\t\t\t<p>Our goal is to deliver ready-to-install assemblies, precisely manufactured and assembled to\nyour specifications, efficiently supporting your projects.<\/p>\n\t\t\t\t<\/div>\n\t\t\t<\/div><\/div>\t\t\t\t<\/div>\n\t\t\t\t<\/div>\n\t\t\t\t<div class=\"elementor-element elementor-element-56932b69 elementor-widget elementor-widget-button\" data-id=\"56932b69\" data-element_type=\"widget\" data-widget_type=\"button.default\">\n\t\t\t\t<div class=\"elementor-widget-container\">\n\t\t\t\t\t\t\t\t\t<div class=\"elementor-button-wrapper\">\n\t\t\t\t\t<a class=\"elementor-button elementor-button-link elementor-size-sm\" href=\"https:\/\/www.kaiser-aluschmiedetechnik.de\/en\/?page_id=716\">\n\t\t\t\t\t\t<span class=\"elementor-button-content-wrapper\">\n\t\t\t\t\t\t\t\t\t<span class=\"elementor-button-text\">Learn more<\/span>\n\t\t\t\t\t<\/span>\n\t\t\t\t\t<\/a>\n\t\t\t\t<\/div>\n\t\t\t\t\t\t\t\t<\/div>\n\t\t\t\t<\/div>\n\t\t\t\t\t<\/div>\n\t\t\t\t<\/div>\n\t\t\t\t\t<\/div>\n\t\t\t\t<\/div>\n\t\t\t\t\t<\/div>\n\t\t\t\t<\/div>\n\t\t\t\t\t<\/div>\n\t\t\t\t<\/div>\n\t\t\t\t<\/div>","protected":false},"excerpt":{"rendered":"<p>Leistungen Leistungen Unsere Leistungen im \u00dcberblick Bei der KAISER Aluminium-Umformtechnik GmbH bieten wir ein umfassendes Leistungsspektrum von der ersten Idee bis zum fertigen Produkt. Unser Expertenteam unterst\u00fctzt Sie in der Beratungs- und Entwicklungsphase und entwickelt ma\u00dfgeschneiderte L\u00f6sungen. Mit jahrzehntelanger Erfahrung im Werkzeugbau garantieren wir h\u00f6chste Pr\u00e4zision und Qualit\u00e4t. Unsere Kernkompetenz ist die Schmiedetechnik, erg\u00e4nzt durch [&hellip;]<\/p>","protected":false},"author":1,"featured_media":0,"parent":0,"menu_order":0,"comment_status":"closed","ping_status":"closed","template":"","meta":{"footnotes":""},"class_list":["post-83","page","type-page","status-publish","hentry"],"yoast_head":"<!-- This site is optimized with the Yoast SEO plugin v26.0 - https:\/\/yoast.com\/wordpress\/plugins\/seo\/ -->\n<title>Leistungen | kaiser-aluschmiedetechnik.de<\/title>\n<meta name=\"robots\" content=\"index, follow, max-snippet:-1, max-image-preview:large, max-video-preview:-1\" \/>\n<link rel=\"canonical\" href=\"https:\/\/www.kaiser-aluschmiedetechnik.de\/en\/leistungen\/\" \/>\n<meta property=\"og:locale\" content=\"en_US\" \/>\n<meta property=\"og:type\" content=\"article\" \/>\n<meta property=\"og:title\" content=\"Leistungen | kaiser-aluschmiedetechnik.de\" \/>\n<meta property=\"og:description\" content=\"Leistungen Leistungen Unsere Leistungen im \u00dcberblick Bei der KAISER Aluminium-Umformtechnik GmbH bieten wir ein umfassendes Leistungsspektrum von der ersten Idee bis zum fertigen Produkt. Unser Expertenteam unterst\u00fctzt Sie in der Beratungs- und Entwicklungsphase und entwickelt ma\u00dfgeschneiderte L\u00f6sungen. Mit jahrzehntelanger Erfahrung im Werkzeugbau garantieren wir h\u00f6chste Pr\u00e4zision und Qualit\u00e4t. Unsere Kernkompetenz ist die Schmiedetechnik, erg\u00e4nzt durch [&hellip;]\" \/>\n<meta property=\"og:url\" content=\"https:\/\/www.kaiser-aluschmiedetechnik.de\/en\/leistungen\/\" \/>\n<meta property=\"og:site_name\" content=\"kaiser-aluschmiedetechnik.de\" \/>\n<meta property=\"article:modified_time\" content=\"2024-09-17T06:36:39+00:00\" \/>\n<meta property=\"og:image\" content=\"https:\/\/www.kaiser-aluschmiedetechnik.de\/wp-content\/uploads\/2024\/07\/Schmiede-Banner-scaled.webp\" \/>\n<meta name=\"twitter:card\" content=\"summary_large_image\" \/>\n<meta name=\"twitter:label1\" content=\"Est. reading time\" \/>\n\t<meta name=\"twitter:data1\" content=\"2 minutes\" \/>\n<!-- \/ Yoast SEO plugin. -->","yoast_head_json":{"title":"Leistungen | kaiser-aluschmiedetechnik.de","robots":{"index":"index","follow":"follow","max-snippet":"max-snippet:-1","max-image-preview":"max-image-preview:large","max-video-preview":"max-video-preview:-1"},"canonical":"https:\/\/www.kaiser-aluschmiedetechnik.de\/en\/leistungen\/","og_locale":"en_US","og_type":"article","og_title":"Leistungen | kaiser-aluschmiedetechnik.de","og_description":"Leistungen Leistungen Unsere Leistungen im \u00dcberblick Bei der KAISER Aluminium-Umformtechnik GmbH bieten wir ein umfassendes Leistungsspektrum von der ersten Idee bis zum fertigen Produkt. Unser Expertenteam unterst\u00fctzt Sie in der Beratungs- und Entwicklungsphase und entwickelt ma\u00dfgeschneiderte L\u00f6sungen. Mit jahrzehntelanger Erfahrung im Werkzeugbau garantieren wir h\u00f6chste Pr\u00e4zision und Qualit\u00e4t. Unsere Kernkompetenz ist die Schmiedetechnik, erg\u00e4nzt durch [&hellip;]","og_url":"https:\/\/www.kaiser-aluschmiedetechnik.de\/en\/leistungen\/","og_site_name":"kaiser-aluschmiedetechnik.de","article_modified_time":"2024-09-17T06:36:39+00:00","og_image":[{"url":"https:\/\/www.kaiser-aluschmiedetechnik.de\/wp-content\/uploads\/2024\/07\/Schmiede-Banner-scaled.webp","type":"","width":"","height":""}],"twitter_card":"summary_large_image","twitter_misc":{"Est. reading time":"2 minutes"},"schema":{"@context":"https:\/\/schema.org","@graph":[{"@type":"WebPage","@id":"https:\/\/www.kaiser-aluschmiedetechnik.de\/leistungen\/","url":"https:\/\/www.kaiser-aluschmiedetechnik.de\/leistungen\/","name":"Leistungen | kaiser-aluschmiedetechnik.de","isPartOf":{"@id":"https:\/\/www.kaiser-aluschmiedetechnik.de\/#website"},"primaryImageOfPage":{"@id":"https:\/\/www.kaiser-aluschmiedetechnik.de\/leistungen\/#primaryimage"},"image":{"@id":"https:\/\/www.kaiser-aluschmiedetechnik.de\/leistungen\/#primaryimage"},"thumbnailUrl":"https:\/\/www.kaiser-aluschmiedetechnik.de\/wp-content\/uploads\/2024\/07\/Schmiede-Banner-scaled.webp","datePublished":"2024-06-11T18:51:37+00:00","dateModified":"2024-09-17T06:36:39+00:00","breadcrumb":{"@id":"https:\/\/www.kaiser-aluschmiedetechnik.de\/leistungen\/#breadcrumb"},"inLanguage":"en-US","potentialAction":[{"@type":"ReadAction","target":["https:\/\/www.kaiser-aluschmiedetechnik.de\/leistungen\/"]}]},{"@type":"ImageObject","inLanguage":"en-US","@id":"https:\/\/www.kaiser-aluschmiedetechnik.de\/leistungen\/#primaryimage","url":"https:\/\/www.kaiser-aluschmiedetechnik.de\/wp-content\/uploads\/2024\/07\/Schmiede-Banner-scaled.webp","contentUrl":"https:\/\/www.kaiser-aluschmiedetechnik.de\/wp-content\/uploads\/2024\/07\/Schmiede-Banner-scaled.webp"},{"@type":"BreadcrumbList","@id":"https:\/\/www.kaiser-aluschmiedetechnik.de\/leistungen\/#breadcrumb","itemListElement":[{"@type":"ListItem","position":1,"name":"Startseite","item":"https:\/\/www.kaiser-aluschmiedetechnik.de\/"},{"@type":"ListItem","position":2,"name":"Leistungen"}]},{"@type":"WebSite","@id":"https:\/\/www.kaiser-aluschmiedetechnik.de\/#website","url":"https:\/\/www.kaiser-aluschmiedetechnik.de\/","name":"kaiser-aluschmiedetechnik.de","description":"","potentialAction":[{"@type":"SearchAction","target":{"@type":"EntryPoint","urlTemplate":"https:\/\/www.kaiser-aluschmiedetechnik.de\/?s={search_term_string}"},"query-input":{"@type":"PropertyValueSpecification","valueRequired":true,"valueName":"search_term_string"}}],"inLanguage":"en-US"}]}},"_links":{"self":[{"href":"https:\/\/www.kaiser-aluschmiedetechnik.de\/en\/wp-json\/wp\/v2\/pages\/83","targetHints":{"allow":["GET"]}}],"collection":[{"href":"https:\/\/www.kaiser-aluschmiedetechnik.de\/en\/wp-json\/wp\/v2\/pages"}],"about":[{"href":"https:\/\/www.kaiser-aluschmiedetechnik.de\/en\/wp-json\/wp\/v2\/types\/page"}],"author":[{"embeddable":true,"href":"https:\/\/www.kaiser-aluschmiedetechnik.de\/en\/wp-json\/wp\/v2\/users\/1"}],"replies":[{"embeddable":true,"href":"https:\/\/www.kaiser-aluschmiedetechnik.de\/en\/wp-json\/wp\/v2\/comments?post=83"}],"version-history":[{"count":13,"href":"https:\/\/www.kaiser-aluschmiedetechnik.de\/en\/wp-json\/wp\/v2\/pages\/83\/revisions"}],"predecessor-version":[{"id":2438,"href":"https:\/\/www.kaiser-aluschmiedetechnik.de\/en\/wp-json\/wp\/v2\/pages\/83\/revisions\/2438"}],"wp:attachment":[{"href":"https:\/\/www.kaiser-aluschmiedetechnik.de\/en\/wp-json\/wp\/v2\/media?parent=83"}],"curies":[{"name":"wp","href":"https:\/\/api.w.org\/{rel}","templated":true}]}}