{"id":212,"date":"2024-06-20T11:21:19","date_gmt":"2024-06-20T09:21:19","guid":{"rendered":"https:\/\/www.kaiser-aluschmiedetechnik.de\/?page_id=212"},"modified":"2024-09-05T14:19:06","modified_gmt":"2024-09-05T12:19:06","slug":"maschinenpark","status":"publish","type":"page","link":"https:\/\/www.kaiser-aluschmiedetechnik.de\/en\/maschinenpark\/","title":{"rendered":"Machine Park"},"content":{"rendered":"<div data-elementor-type=\"wp-page\" data-elementor-id=\"212\" class=\"elementor elementor-212\">\n\t\t\t\t<div class=\"elementor-element elementor-element-726e6883 e-flex e-con-boxed e-con e-parent\" data-id=\"726e6883\" data-element_type=\"container\" data-settings=\"{&quot;background_background&quot;:&quot;classic&quot;}\">\n\t\t\t\t\t<div class=\"e-con-inner\">\n\t\t\t\t<div class=\"elementor-element elementor-element-4755bc6e elementor-widget-mobile__width-initial elementor-invisible elementor-widget elementor-widget-heading\" data-id=\"4755bc6e\" data-element_type=\"widget\" data-settings=\"{&quot;_animation&quot;:&quot;fadeInUp&quot;}\" data-widget_type=\"heading.default\">\n\t\t\t\t<div class=\"elementor-widget-container\">\n\t\t\t\t\t<h2 class=\"elementor-heading-title elementor-size-default\">Machine Park<\/h2>\t\t\t\t<\/div>\n\t\t\t\t<\/div>\n\t\t\t\t<div class=\"elementor-element elementor-element-6b991326 elementor-widget-divider--view-line elementor-widget elementor-widget-divider\" data-id=\"6b991326\" data-element_type=\"widget\" data-widget_type=\"divider.default\">\n\t\t\t\t<div class=\"elementor-widget-container\">\n\t\t\t\t\t\t\t<div class=\"elementor-divider\">\n\t\t\t<span class=\"elementor-divider-separator\">\n\t\t\t\t\t\t<\/span>\n\t\t<\/div>\n\t\t\t\t\t\t<\/div>\n\t\t\t\t<\/div>\n\t\t\t\t\t<\/div>\n\t\t\t\t<\/div>\n\t\t<div class=\"elementor-element elementor-element-5ecf81e8 e-flex e-con-boxed e-con e-parent\" data-id=\"5ecf81e8\" data-element_type=\"container\" data-settings=\"{&quot;background_background&quot;:&quot;classic&quot;}\">\n\t\t\t\t\t<div class=\"e-con-inner\">\n\t\t<div class=\"elementor-element elementor-element-33c3d6f5 e-con-full e-flex e-con e-child\" data-id=\"33c3d6f5\" data-element_type=\"container\">\n\t\t\t\t<div class=\"elementor-element elementor-element-3561caa elementor-invisible elementor-widget elementor-widget-image\" data-id=\"3561caa\" data-element_type=\"widget\" data-settings=\"{&quot;_animation&quot;:&quot;fadeInLeft&quot;}\" data-widget_type=\"image.default\">\n\t\t\t\t<div class=\"elementor-widget-container\">\n\t\t\t\t\t\t\t\t\t\t\t\t\t\t\t<img fetchpriority=\"high\" decoding=\"async\" width=\"1080\" height=\"1080\" src=\"https:\/\/www.kaiser-aluschmiedetechnik.de\/wp-content\/uploads\/2024\/08\/4-10.png\" class=\"attachment-full size-full wp-image-1849\" alt=\"\" srcset=\"https:\/\/www.kaiser-aluschmiedetechnik.de\/wp-content\/uploads\/2024\/08\/4-10.png 1080w, https:\/\/www.kaiser-aluschmiedetechnik.de\/wp-content\/uploads\/2024\/08\/4-10-300x300.png 300w, https:\/\/www.kaiser-aluschmiedetechnik.de\/wp-content\/uploads\/2024\/08\/4-10-1024x1024.png 1024w, https:\/\/www.kaiser-aluschmiedetechnik.de\/wp-content\/uploads\/2024\/08\/4-10-150x150.png 150w, https:\/\/www.kaiser-aluschmiedetechnik.de\/wp-content\/uploads\/2024\/08\/4-10-768x768.png 768w\" sizes=\"(max-width: 1080px) 100vw, 1080px\" \/>\t\t\t\t\t\t\t\t\t\t\t\t\t\t\t<\/div>\n\t\t\t\t<\/div>\n\t\t\t\t<div class=\"elementor-element elementor-element-79000a8 elementor-widget__width-initial elementor-absolute elementor-invisible elementor-widget elementor-widget-image\" data-id=\"79000a8\" data-element_type=\"widget\" data-settings=\"{&quot;_position&quot;:&quot;absolute&quot;,&quot;_animation&quot;:&quot;fadeInUp&quot;}\" data-widget_type=\"image.default\">\n\t\t\t\t<div class=\"elementor-widget-container\">\n\t\t\t\t\t\t\t\t\t\t\t\t\t\t\t<img decoding=\"async\" width=\"2560\" height=\"1707\" src=\"https:\/\/www.kaiser-aluschmiedetechnik.de\/wp-content\/uploads\/2024\/07\/DSC08270-scaled.jpg\" class=\"attachment-full size-full wp-image-465\" alt=\"DSC08270 scaled\" srcset=\"https:\/\/www.kaiser-aluschmiedetechnik.de\/wp-content\/uploads\/2024\/07\/DSC08270-scaled.jpg 2560w, https:\/\/www.kaiser-aluschmiedetechnik.de\/wp-content\/uploads\/2024\/07\/DSC08270-300x200.jpg 300w, https:\/\/www.kaiser-aluschmiedetechnik.de\/wp-content\/uploads\/2024\/07\/DSC08270-1024x683.jpg 1024w, https:\/\/www.kaiser-aluschmiedetechnik.de\/wp-content\/uploads\/2024\/07\/DSC08270-768x512.jpg 768w, https:\/\/www.kaiser-aluschmiedetechnik.de\/wp-content\/uploads\/2024\/07\/DSC08270-1536x1024.jpg 1536w, https:\/\/www.kaiser-aluschmiedetechnik.de\/wp-content\/uploads\/2024\/07\/DSC08270-2048x1365.jpg 2048w\" sizes=\"(max-width: 2560px) 100vw, 2560px\" \/>\t\t\t\t\t\t\t\t\t\t\t\t\t\t\t<\/div>\n\t\t\t\t<\/div>\n\t\t\t\t<\/div>\n\t\t<div class=\"elementor-element elementor-element-16e24b87 e-con-full e-flex e-con e-child\" data-id=\"16e24b87\" data-element_type=\"container\">\n\t\t\t\t<div class=\"elementor-element elementor-element-158c52d2 elementor-widget__width-inherit elementor-invisible elementor-widget elementor-widget-heading\" data-id=\"158c52d2\" data-element_type=\"widget\" data-settings=\"{&quot;_animation&quot;:&quot;fadeIn&quot;,&quot;_animation_delay&quot;:480}\" data-widget_type=\"heading.default\">\n\t\t\t\t<div class=\"elementor-widget-container\">\n\t\t\t\t\t<h2 class=\"elementor-heading-title elementor-size-default\">Machine Park<\/h2>\t\t\t\t<\/div>\n\t\t\t\t<\/div>\n\t\t\t\t<div class=\"elementor-element elementor-element-2190a664 elementor-invisible elementor-widget elementor-widget-heading\" data-id=\"2190a664\" data-element_type=\"widget\" data-settings=\"{&quot;_animation&quot;:&quot;fadeInUp&quot;}\" data-widget_type=\"heading.default\">\n\t\t\t\t<div class=\"elementor-widget-container\">\n\t\t\t\t\t<h2 class=\"elementor-heading-title elementor-size-default\">Cutting-edge technology<\/h2>\t\t\t\t<\/div>\n\t\t\t\t<\/div>\n\t\t\t\t<div class=\"elementor-element elementor-element-8b69278 elementor-widget elementor-widget-text-editor\" data-id=\"8b69278\" data-element_type=\"widget\" data-widget_type=\"text-editor.default\">\n\t\t\t\t<div class=\"elementor-widget-container\">\n\t\t\t\t\t\t\t\t\t<p>At KAISER Aluminium-Umformtechnik GmbH, we rely on state-of-the-art technologies and an\nadvanced machinery fleet to deliver products of the highest quality to our customers. Our\nmachinery is the heart of our production, enabling us to work with precision and efficiency.<\/p><div class=\"flex flex-grow flex-col max-w-full\"><div class=\"min-h-[20px] text-message flex flex-col items-start whitespace-pre-wrap break-words [.text-message+&amp;]:mt-5 juice:w-full juice:items-end overflow-x-auto gap-2\" dir=\"auto\" data-message-author-role=\"assistant\" data-message-id=\"e52458bb-2eb6-4126-b2c7-7adfffcc4a1c\"><div class=\"flex w-full flex-col gap-1 juice:empty:hidden juice:first:pt-[3px]\"><div class=\"markdown prose w-full break-words dark:prose-invert light\"><p>Our modern equipment allows us to respond quickly and flexibly to our customers' needs.\nThrough regular maintenance and investment in new technologies, we ensure that our\nproduction remains at the forefront of technological advancements.<\/p><p>KAISER \u2013 We forge your plans with cutting-edge technology and the highest precision.<\/p><\/div><\/div><\/div><\/div>\t\t\t\t\t\t\t\t<\/div>\n\t\t\t\t<\/div>\n\t\t\t\t<\/div>\n\t\t\t\t\t<\/div>\n\t\t\t\t<\/div>\n\t\t<div class=\"elementor-element elementor-element-60eca99d e-flex e-con-boxed e-con e-parent\" data-id=\"60eca99d\" data-element_type=\"container\" data-settings=\"{&quot;background_background&quot;:&quot;classic&quot;}\">\n\t\t\t\t\t<div class=\"e-con-inner\">\n\t\t<div class=\"elementor-element elementor-element-4b610275 e-con-full e-flex e-con e-child\" data-id=\"4b610275\" data-element_type=\"container\">\n\t\t\t\t<div class=\"elementor-element elementor-element-19cf3148 elementor-widget__width-initial elementor-invisible elementor-widget elementor-widget-heading\" data-id=\"19cf3148\" data-element_type=\"widget\" data-settings=\"{&quot;_animation&quot;:&quot;fadeInUp&quot;}\" data-widget_type=\"heading.default\">\n\t\t\t\t<div class=\"elementor-widget-container\">\n\t\t\t\t\t<h2 class=\"elementor-heading-title elementor-size-default\">Inquire now!<\/h2>\t\t\t\t<\/div>\n\t\t\t\t<\/div>\n\t\t\t\t<div class=\"elementor-element elementor-element-53700865 elementor-invisible elementor-widget elementor-widget-text-editor\" data-id=\"53700865\" data-element_type=\"widget\" data-settings=\"{&quot;_animation&quot;:&quot;fadeInUp&quot;,&quot;_animation_delay&quot;:120}\" data-widget_type=\"text-editor.default\">\n\t\t\t\t<div class=\"elementor-widget-container\">\n\t\t\t\t\t\t\t\t\t<p>Contact us and let\u2019s realize your project!<\/p>\t\t\t\t\t\t\t\t<\/div>\n\t\t\t\t<\/div>\n\t\t\t\t<div class=\"elementor-element elementor-element-de8f305 elementor-align-left elementor-invisible elementor-widget elementor-widget-button\" data-id=\"de8f305\" data-element_type=\"widget\" data-settings=\"{&quot;_animation&quot;:&quot;fadeIn&quot;,&quot;_animation_delay&quot;:480}\" data-widget_type=\"button.default\">\n\t\t\t\t<div class=\"elementor-widget-container\">\n\t\t\t\t\t\t\t\t\t<div class=\"elementor-button-wrapper\">\n\t\t\t\t\t<a class=\"elementor-button elementor-button-link elementor-size-sm\" href=\"https:\/\/www.kaiser-aluschmiedetechnik.de\/en\/?page_id=90\">\n\t\t\t\t\t\t<span class=\"elementor-button-content-wrapper\">\n\t\t\t\t\t\t\t\t\t<span class=\"elementor-button-text\">Get in touch<\/span>\n\t\t\t\t\t<\/span>\n\t\t\t\t\t<\/a>\n\t\t\t\t<\/div>\n\t\t\t\t\t\t\t\t<\/div>\n\t\t\t\t<\/div>\n\t\t\t\t<\/div>\n\t\t\t\t\t<\/div>\n\t\t\t\t<\/div>\n\t\t\t\t<\/div>","protected":false},"excerpt":{"rendered":"<p>Maschinenpark Maschinenpark Modernste Technologie Bei der KAISER Aluminium-Umformtechnik GmbH setzen wir auf modernste Technologien und einen hochentwickelten Maschinenpark, um unseren Kunden Produkte von h\u00f6chster Qualit\u00e4t zu bieten. Unser Maschinenpark ist das Herzst\u00fcck unserer Produktion und erm\u00f6glicht es uns, pr\u00e4zise und effizient zu arbeiten. Unser moderner Maschinenpark erlaubt es uns, flexibel und schnell auf die Anforderungen [&hellip;]<\/p>","protected":false},"author":1,"featured_media":0,"parent":0,"menu_order":0,"comment_status":"closed","ping_status":"closed","template":"","meta":{"footnotes":""},"class_list":["post-212","page","type-page","status-publish","hentry"],"yoast_head":"<!-- This site is optimized with the Yoast SEO plugin v26.0 - https:\/\/yoast.com\/wordpress\/plugins\/seo\/ -->\n<title>Maschinenpark | kaiser-aluschmiedetechnik.de<\/title>\n<meta name=\"robots\" content=\"index, follow, max-snippet:-1, max-image-preview:large, max-video-preview:-1\" \/>\n<link rel=\"canonical\" href=\"https:\/\/www.kaiser-aluschmiedetechnik.de\/en\/maschinenpark\/\" \/>\n<meta property=\"og:locale\" content=\"en_US\" \/>\n<meta property=\"og:type\" content=\"article\" \/>\n<meta property=\"og:title\" content=\"Maschinenpark | kaiser-aluschmiedetechnik.de\" \/>\n<meta property=\"og:description\" content=\"Maschinenpark Maschinenpark Modernste Technologie Bei der KAISER Aluminium-Umformtechnik GmbH setzen wir auf modernste Technologien und einen hochentwickelten Maschinenpark, um unseren Kunden Produkte von h\u00f6chster Qualit\u00e4t zu bieten. Unser Maschinenpark ist das Herzst\u00fcck unserer Produktion und erm\u00f6glicht es uns, pr\u00e4zise und effizient zu arbeiten. Unser moderner Maschinenpark erlaubt es uns, flexibel und schnell auf die Anforderungen [&hellip;]\" \/>\n<meta property=\"og:url\" content=\"https:\/\/www.kaiser-aluschmiedetechnik.de\/en\/maschinenpark\/\" \/>\n<meta property=\"og:site_name\" content=\"kaiser-aluschmiedetechnik.de\" \/>\n<meta property=\"article:modified_time\" content=\"2024-09-05T12:19:06+00:00\" \/>\n<meta property=\"og:image\" content=\"https:\/\/www.kaiser-aluschmiedetechnik.de\/wp-content\/uploads\/2024\/08\/4-10.png\" \/>\n<meta name=\"twitter:card\" content=\"summary_large_image\" \/>\n<meta name=\"twitter:label1\" content=\"Est. reading time\" \/>\n\t<meta name=\"twitter:data1\" content=\"1 minute\" \/>\n<!-- \/ Yoast SEO plugin. -->","yoast_head_json":{"title":"Maschinenpark | kaiser-aluschmiedetechnik.de","robots":{"index":"index","follow":"follow","max-snippet":"max-snippet:-1","max-image-preview":"max-image-preview:large","max-video-preview":"max-video-preview:-1"},"canonical":"https:\/\/www.kaiser-aluschmiedetechnik.de\/en\/maschinenpark\/","og_locale":"en_US","og_type":"article","og_title":"Maschinenpark | kaiser-aluschmiedetechnik.de","og_description":"Maschinenpark Maschinenpark Modernste Technologie Bei der KAISER Aluminium-Umformtechnik GmbH setzen wir auf modernste Technologien und einen hochentwickelten Maschinenpark, um unseren Kunden Produkte von h\u00f6chster Qualit\u00e4t zu bieten. Unser Maschinenpark ist das Herzst\u00fcck unserer Produktion und erm\u00f6glicht es uns, pr\u00e4zise und effizient zu arbeiten. Unser moderner Maschinenpark erlaubt es uns, flexibel und schnell auf die Anforderungen [&hellip;]","og_url":"https:\/\/www.kaiser-aluschmiedetechnik.de\/en\/maschinenpark\/","og_site_name":"kaiser-aluschmiedetechnik.de","article_modified_time":"2024-09-05T12:19:06+00:00","og_image":[{"url":"https:\/\/www.kaiser-aluschmiedetechnik.de\/wp-content\/uploads\/2024\/08\/4-10.png","type":"","width":"","height":""}],"twitter_card":"summary_large_image","twitter_misc":{"Est. reading time":"1 minute"},"schema":{"@context":"https:\/\/schema.org","@graph":[{"@type":"WebPage","@id":"https:\/\/www.kaiser-aluschmiedetechnik.de\/maschinenpark\/","url":"https:\/\/www.kaiser-aluschmiedetechnik.de\/maschinenpark\/","name":"Maschinenpark | kaiser-aluschmiedetechnik.de","isPartOf":{"@id":"https:\/\/www.kaiser-aluschmiedetechnik.de\/#website"},"primaryImageOfPage":{"@id":"https:\/\/www.kaiser-aluschmiedetechnik.de\/maschinenpark\/#primaryimage"},"image":{"@id":"https:\/\/www.kaiser-aluschmiedetechnik.de\/maschinenpark\/#primaryimage"},"thumbnailUrl":"https:\/\/www.kaiser-aluschmiedetechnik.de\/wp-content\/uploads\/2024\/08\/4-10.png","datePublished":"2024-06-20T09:21:19+00:00","dateModified":"2024-09-05T12:19:06+00:00","breadcrumb":{"@id":"https:\/\/www.kaiser-aluschmiedetechnik.de\/maschinenpark\/#breadcrumb"},"inLanguage":"en-US","potentialAction":[{"@type":"ReadAction","target":["https:\/\/www.kaiser-aluschmiedetechnik.de\/maschinenpark\/"]}]},{"@type":"ImageObject","inLanguage":"en-US","@id":"https:\/\/www.kaiser-aluschmiedetechnik.de\/maschinenpark\/#primaryimage","url":"https:\/\/www.kaiser-aluschmiedetechnik.de\/wp-content\/uploads\/2024\/08\/4-10.png","contentUrl":"https:\/\/www.kaiser-aluschmiedetechnik.de\/wp-content\/uploads\/2024\/08\/4-10.png"},{"@type":"BreadcrumbList","@id":"https:\/\/www.kaiser-aluschmiedetechnik.de\/maschinenpark\/#breadcrumb","itemListElement":[{"@type":"ListItem","position":1,"name":"Startseite","item":"https:\/\/www.kaiser-aluschmiedetechnik.de\/"},{"@type":"ListItem","position":2,"name":"Maschinenpark"}]},{"@type":"WebSite","@id":"https:\/\/www.kaiser-aluschmiedetechnik.de\/#website","url":"https:\/\/www.kaiser-aluschmiedetechnik.de\/","name":"kaiser-aluschmiedetechnik.de","description":"","potentialAction":[{"@type":"SearchAction","target":{"@type":"EntryPoint","urlTemplate":"https:\/\/www.kaiser-aluschmiedetechnik.de\/?s={search_term_string}"},"query-input":{"@type":"PropertyValueSpecification","valueRequired":true,"valueName":"search_term_string"}}],"inLanguage":"en-US"}]}},"_links":{"self":[{"href":"https:\/\/www.kaiser-aluschmiedetechnik.de\/en\/wp-json\/wp\/v2\/pages\/212","targetHints":{"allow":["GET"]}}],"collection":[{"href":"https:\/\/www.kaiser-aluschmiedetechnik.de\/en\/wp-json\/wp\/v2\/pages"}],"about":[{"href":"https:\/\/www.kaiser-aluschmiedetechnik.de\/en\/wp-json\/wp\/v2\/types\/page"}],"author":[{"embeddable":true,"href":"https:\/\/www.kaiser-aluschmiedetechnik.de\/en\/wp-json\/wp\/v2\/users\/1"}],"replies":[{"embeddable":true,"href":"https:\/\/www.kaiser-aluschmiedetechnik.de\/en\/wp-json\/wp\/v2\/comments?post=212"}],"version-history":[{"count":10,"href":"https:\/\/www.kaiser-aluschmiedetechnik.de\/en\/wp-json\/wp\/v2\/pages\/212\/revisions"}],"predecessor-version":[{"id":2151,"href":"https:\/\/www.kaiser-aluschmiedetechnik.de\/en\/wp-json\/wp\/v2\/pages\/212\/revisions\/2151"}],"wp:attachment":[{"href":"https:\/\/www.kaiser-aluschmiedetechnik.de\/en\/wp-json\/wp\/v2\/media?parent=212"}],"curies":[{"name":"wp","href":"https:\/\/api.w.org\/{rel}","templated":true}]}}